{"id":957,"date":"2010-12-23T15:26:06","date_gmt":"2010-12-23T19:26:06","guid":{"rendered":"http:\/\/hr-pros.ca\/"},"modified":"2015-07-09T15:17:42","modified_gmt":"2015-07-09T18:17:42","slug":"hr-on-call","status":"publish","type":"page","link":"https:\/\/hr-pros.ca\/fr\/home\/services\/hr-on-call\/","title":{"rendered":"RH \u00e0 la demande"},"content":{"rendered":"<p>Les propri\u00e9taires de petites entreprises sont souvent confront\u00e9s \u00e0 des probl\u00e8mes difficiles en ressources humaines pour lesquels ils n\u2019ont pas le savoir-faire n\u00e9cessaire pour guider leur processus de prise de d\u00e9cisions. Un cong\u00e9diement injustifi\u00e9 ou une d\u00e9cision incorrecte en RH peut avoir des cons\u00e9quences d\u00e9sastreuses pour l\u2019entreprise.<\/p>\n<p>La gestion des ressources humaines est un domaine complexe. Les grandes entreprises sont conscientes de la n\u00e9cessit\u00e9 d\u2019avoir des sp\u00e9cialistes professionnels de la gestion des ressources humaines et ont le budget n\u00e9cessaire pour disposer d\u2019un personnel permanent dans ce secteur. La gestion des ressources humaines est tout aussi importante pour les petites entreprises, mais la r\u00e9alit\u00e9 est que la plupart d\u2019entre elles ne peuvent pas se permettre un employ\u00e9 remplissant une telle fonction \u00e0 temps plein. Pour elles, la solution, c\u2019est le <span style=\"text-decoration: underline;\">service de RH \u00e0 la demande<\/span>!<\/p>\n<p>Est-ce que vous voulez savoir comment attirer les meilleurs candidats, comment mettre sur pied un programme de gestion du rendement ou comment discipliner un employ\u00e9? Quel que soit votre probl\u00e8me, nous sommes l\u00e0 pour vous aider\u00a0:<\/p>\n<p><strong>Le service de RH \u00e0 la demande vous apporte le savoir-faire en gestion des ressources humaines dont vous avez besoin, quand vous en avez besoin!<\/strong><\/p>\n<p>Est-ce que vous avez vraiment le temps de vous tenir au courant de l\u2019\u00e9volution des r\u00e8glements en mati\u00e8re d\u2019emploi? Est-ce que vous connaissez les pratiques exemplaires en gestion des ressources humaines?<\/p>\n<p><strong>C\u2019est notre sp\u00e9cialit\u00e9! Et nous sommes pr\u00eats \u00e0 vous faire profiter de notre savoir-faire!<\/strong><\/p>\n<p>Notre service de RH \u00e0 la demande vous donne acc\u00e8s \u00e0 des conseillers en ressources humaines agr\u00e9\u00e9s qui vous offriront des conseils et des solutions \u00e0 vos probl\u00e8mes de ressources humaines. Notre service de RH \u00e0 la demande est en mesure de r\u00e9soudre vos probl\u00e8mes avant qu\u2019ils n\u2019aient un impact important sur votre entreprise.<\/p>\n<p>Notre service de RH \u00e0 la demande est un service abordable, qui vous permettra de faire des \u00e9conomies de temps et d\u2019argent et vous \u00e9pargnera bien des inqui\u00e9tudes. Quelle que soit la taille de votre entreprise, nous sommes l\u00e0 pour vous aider.<\/p>\n<h1><\/h1>\n<p>Pour commencer d\u00e8s aujourd\u2019hui \u00e0 faire des \u00e9conomies de temps et d\u2019argent et pour b\u00e9n\u00e9ficier des conseils en gestion des ressources humaines dont vous avez besoin, quand vous en avez besoin, remplissez le formulaire suivant<\/p>\n<p>[contact-form 6 \u00ab\u00a0HR on Call &#8211; Information\u00a0\u00bb]<\/p>","protected":false},"excerpt":{"rendered":"<p>Les propri\u00e9taires de petites entreprises sont souvent confront\u00e9s \u00e0 des probl\u00e8mes difficiles en ressources humaines pour lesquels ils n\u2019ont pas le savoir-faire n\u00e9cessaire pour guider leur processus de prise de d\u00e9cisions. Un cong\u00e9diement injustifi\u00e9 ou une d\u00e9cision incorrecte en RH peut avoir des cons\u00e9quences d\u00e9sastreuses pour l\u2019entreprise. La gestion des ressources humaines est un domaine [&hellip;]<\/p>\n","protected":false},"author":2,"featured_media":0,"parent":24,"menu_order":2,"comment_status":"closed","ping_status":"open","template":"","meta":{"footnotes":""},"class_list":["post-957","page","type-page","status-publish","hentry"],"aioseo_notices":[],"_links":{"self":[{"href":"https:\/\/hr-pros.ca\/fr\/wp-json\/wp\/v2\/pages\/957","targetHints":{"allow":["GET"]}}],"collection":[{"href":"https:\/\/hr-pros.ca\/fr\/wp-json\/wp\/v2\/pages"}],"about":[{"href":"https:\/\/hr-pros.ca\/fr\/wp-json\/wp\/v2\/types\/page"}],"author":[{"embeddable":true,"href":"https:\/\/hr-pros.ca\/fr\/wp-json\/wp\/v2\/users\/2"}],"replies":[{"embeddable":true,"href":"https:\/\/hr-pros.ca\/fr\/wp-json\/wp\/v2\/comments?post=957"}],"version-history":[{"count":43,"href":"https:\/\/hr-pros.ca\/fr\/wp-json\/wp\/v2\/pages\/957\/revisions"}],"predecessor-version":[{"id":25882,"href":"https:\/\/hr-pros.ca\/fr\/wp-json\/wp\/v2\/pages\/957\/revisions\/25882"}],"up":[{"embeddable":true,"href":"https:\/\/hr-pros.ca\/fr\/wp-json\/wp\/v2\/pages\/24"}],"wp:attachment":[{"href":"https:\/\/hr-pros.ca\/fr\/wp-json\/wp\/v2\/media?parent=957"}],"curies":[{"name":"wp","href":"https:\/\/api.w.org\/{rel}","templated":true}]}}