{"id":407,"date":"2009-08-28T13:30:50","date_gmt":"2009-08-28T16:30:50","guid":{"rendered":"http:\/\/hr-pros.ca\/?page_id=407"},"modified":"2015-02-04T13:08:17","modified_gmt":"2015-02-04T17:08:17","slug":"links","status":"publish","type":"page","link":"https:\/\/hr-pros.ca\/fr\/home\/links\/","title":{"rendered":"Communaut\u00e9"},"content":{"rendered":"<p><strong>Le cabinet HR\u00a0pros est fier de pouvoir soutenir les organismes suivants\u00a0:<\/strong> <img loading=\"lazy\" decoding=\"async\" class=\"size-full wp-image-419 aligncenter\" title=\"Soccer Nova Scotia\" src=\"http:\/\/hr-pros.ca\/wp-content\/uploads\/2009\/08\/SNS-logo.jpg\" alt=\"SNS logo\" width=\"97\" height=\"92\" \/><\/p>\n<pre style=\"text-align: center;\"><a href=\"http:\/\/www.janovascotia.org\/\"><img loading=\"lazy\" decoding=\"async\" class=\"size-full wp-image-423 aligncenter\" title=\"Junior Achievement Logo\" src=\"http:\/\/hr-pros.ca\/wp-content\/uploads\/2009\/08\/ja_logo.bmp\" alt=\"Junior Achievement Logo\" width=\"197\" height=\"67\" \/><\/a><\/pre>\n<pre style=\"text-align: center;\"><a href=\"http:\/\/www.halifaxchamber.com\/\"><img loading=\"lazy\" decoding=\"async\" class=\"size-full wp-image-414 aligncenter\" title=\"Halifax Chamber of Commerce\" src=\"http:\/\/hr-pros.ca\/wp-content\/uploads\/2009\/08\/logo-chamber-of-commerce.bmp\" alt=\"Halifax Chamber of Commerce\" width=\"225\" height=\"103\" \/><\/a><\/pre>\n<pre style=\"text-align: center;\"><a href=\"http:\/\/www.ccfh.ca\/\"><img loading=\"lazy\" decoding=\"async\" class=\"size-full wp-image-486 aligncenter\" title=\"Chambre de commerce francophone de Halifax\" src=\"http:\/\/hr-pros.ca\/wp-content\/uploads\/2009\/09\/n18270639512_8015.jpg\" alt=\"Chambre de commerce francophone de Halifax\" width=\"200\" height=\"105\" \/><\/a><\/pre>\n<pre><a href=\"http:\/\/www.novascotialife.com\/\"><img loading=\"lazy\" decoding=\"async\" class=\"aligncenter\" title=\"|Nova Scotia Come to Life\" src=\"http:\/\/hr-pros.ca\/wp-content\/uploads\/2009\/04\/logo-ns-come-to-life.png\" alt=\"logo-ns-come-to-life\" width=\"211\" height=\"123\" \/><\/a><\/pre>\n<pre style=\"text-align: center;\"><a href=\"http:\/\/www.greaterburnside.com\/\" target=\"_blank\"><img loading=\"lazy\" decoding=\"async\" class=\"alignnone\" title=\"Greater Burnside Business Association\" src=\"http:\/\/hr-pros.ca\/wp-content\/uploads\/2010\/04\/burnside-logo.gif\" alt=\"Greater Burnside Business Association\" width=\"252\" height=\"101\" \/><\/a><\/pre>\n<div style=\"text-align: center;\"><a href=\"http:\/\/cdene.ns.ca\/Default.aspx\"><img loading=\"lazy\" decoding=\"async\" class=\"size-full wp-image-718 aligncenter\" title=\"CDENE\" src=\"http:\/\/hr-pros.ca\/wp-content\/uploads\/2010\/04\/CDENE-Version-BD-Web-e1271173377252.gif\" alt=\"Conseil de d\u00e9veloppement \u00e9conomique de la Nouvelle-\u00c9cosse\" width=\"193\" height=\"75\" \/><\/a><\/div>\n<pre style=\"text-align: center;\"><a href=\"http:\/\/www.entrepreneursforum.com\/\"><img loading=\"lazy\" decoding=\"async\" class=\"aligncenter size-full wp-image-426\" title=\"Entrepreneurs' Forum \" src=\"http:\/\/hr-pros.ca\/wp-content\/uploads\/2009\/08\/entrepreneurs-forum-logo.bmp\" alt=\"entrepreneur's forum logo\" width=\"320\" height=\"85\" \/><\/a><\/pre>\n<h3><span class=\"Apple-style-span\" style=\"font-size: 28px; line-height: 47px; text-transform: none;\">HR pros\u00a0consultants are members of\u00a0:<\/span><\/h3>\n<pre style=\"text-align: center;\"><a href=\"http:\/\/www.hrans.org\/\"><img loading=\"lazy\" decoding=\"async\" class=\"aligncenter size-full wp-image-440\" title=\"Human Resources Association of Nova Scotia\" src=\"http:\/\/hr-pros.ca\/wp-content\/uploads\/2009\/08\/hrans-logo.jpg\" alt=\"hrans -logo\" width=\"352\" height=\"81\" srcset=\"\/wp-content\/uploads\/2009\/08\/hrans-logo.jpg 440w, \/wp-content\/uploads\/2009\/08\/hrans-logo-300x68.jpg 300w\" sizes=\"auto, (max-width: 352px) 100vw, 352px\" \/><\/a><\/pre>\n<p>&nbsp;<\/p>\n<p><\/p>","protected":false},"excerpt":{"rendered":"<p>Le cabinet HR\u00a0pros est fier de pouvoir soutenir les organismes suivants\u00a0: HR pros\u00a0consultants are members of\u00a0: &nbsp;<\/p>\n","protected":false},"author":2,"featured_media":0,"parent":18,"menu_order":5,"comment_status":"open","ping_status":"open","template":"","meta":{"footnotes":""},"class_list":["post-407","page","type-page","status-publish","hentry"],"aioseo_notices":[],"_links":{"self":[{"href":"https:\/\/hr-pros.ca\/fr\/wp-json\/wp\/v2\/pages\/407","targetHints":{"allow":["GET"]}}],"collection":[{"href":"https:\/\/hr-pros.ca\/fr\/wp-json\/wp\/v2\/pages"}],"about":[{"href":"https:\/\/hr-pros.ca\/fr\/wp-json\/wp\/v2\/types\/page"}],"author":[{"embeddable":true,"href":"https:\/\/hr-pros.ca\/fr\/wp-json\/wp\/v2\/users\/2"}],"replies":[{"embeddable":true,"href":"https:\/\/hr-pros.ca\/fr\/wp-json\/wp\/v2\/comments?post=407"}],"version-history":[{"count":83,"href":"https:\/\/hr-pros.ca\/fr\/wp-json\/wp\/v2\/pages\/407\/revisions"}],"predecessor-version":[{"id":25173,"href":"https:\/\/hr-pros.ca\/fr\/wp-json\/wp\/v2\/pages\/407\/revisions\/25173"}],"up":[{"embeddable":true,"href":"https:\/\/hr-pros.ca\/fr\/wp-json\/wp\/v2\/pages\/18"}],"wp:attachment":[{"href":"https:\/\/hr-pros.ca\/fr\/wp-json\/wp\/v2\/media?parent=407"}],"curies":[{"name":"wp","href":"https:\/\/api.w.org\/{rel}","templated":true}]}}