{"id":351,"date":"2009-08-22T14:33:16","date_gmt":"2009-08-22T17:33:16","guid":{"rendered":"http:\/\/hr-pros.ca\/?page_id=351"},"modified":"2017-10-10T10:37:25","modified_gmt":"2017-10-10T13:37:25","slug":"training","status":"publish","type":"page","link":"https:\/\/hr-pros.ca\/fr\/home\/services\/training\/","title":{"rendered":"Formation"},"content":{"rendered":"<p><strong>HR\u00a0pros<\/strong> offre toute une gamme de cours et d\u2019ateliers permettant de renforcer vos processus de gestion des ressources humaines. Nos cours portent sur les sujets suivants\u00a0:<\/p>\n<ul>\n<li>recrutement, s\u00e9lection et embauche<\/li>\n<li>discipline progressive et processus de r\u00e9siliation de contrat<\/li>\n<li>gestion du rendement<\/li>\n<li>sant\u00e9 et s\u00e9curit\u00e9 au travail<\/li>\n<li>formation et perfectionnement<\/li>\n<li>communication et d\u00e9veloppement de l\u2019esprit d\u2019\u00e9quipe<\/li>\n<li>politiques en mati\u00e8re de gestion du personnel<\/li>\n<li>rentabilit\u00e9 de la diversit\u00e9 et de l\u2019int\u00e9gration<\/li>\n<li>SIMDUT<\/li>\n<\/ul>\n<p><!--more--><\/p>\n<p><\/p>","protected":false},"excerpt":{"rendered":"<p>D\u00e9sol\u00e9, cet article est seulement disponible en English.<\/p>\n","protected":false},"author":2,"featured_media":0,"parent":24,"menu_order":0,"comment_status":"closed","ping_status":"open","template":"","meta":{"footnotes":""},"class_list":["post-351","page","type-page","status-publish","hentry"],"aioseo_notices":[],"_links":{"self":[{"href":"https:\/\/hr-pros.ca\/fr\/wp-json\/wp\/v2\/pages\/351","targetHints":{"allow":["GET"]}}],"collection":[{"href":"https:\/\/hr-pros.ca\/fr\/wp-json\/wp\/v2\/pages"}],"about":[{"href":"https:\/\/hr-pros.ca\/fr\/wp-json\/wp\/v2\/types\/page"}],"author":[{"embeddable":true,"href":"https:\/\/hr-pros.ca\/fr\/wp-json\/wp\/v2\/users\/2"}],"replies":[{"embeddable":true,"href":"https:\/\/hr-pros.ca\/fr\/wp-json\/wp\/v2\/comments?post=351"}],"version-history":[{"count":84,"href":"https:\/\/hr-pros.ca\/fr\/wp-json\/wp\/v2\/pages\/351\/revisions"}],"predecessor-version":[{"id":26445,"href":"https:\/\/hr-pros.ca\/fr\/wp-json\/wp\/v2\/pages\/351\/revisions\/26445"}],"up":[{"embeddable":true,"href":"https:\/\/hr-pros.ca\/fr\/wp-json\/wp\/v2\/pages\/24"}],"wp:attachment":[{"href":"https:\/\/hr-pros.ca\/fr\/wp-json\/wp\/v2\/media?parent=351"}],"curies":[{"name":"wp","href":"https:\/\/api.w.org\/{rel}","templated":true}]}}