{"id":2451,"date":"2012-08-13T12:51:06","date_gmt":"2012-08-13T15:51:06","guid":{"rendered":"http:\/\/hr-pros.ca\/?page_id=2451"},"modified":"2012-10-14T16:07:07","modified_gmt":"2012-10-14T19:07:07","slug":"human-resources-consultants-moncton","status":"publish","type":"page","link":"https:\/\/hr-pros.ca\/fr\/human-resources-consultants-moncton\/","title":{"rendered":"Consultants en Ressources Humaines &#8211; Moncton"},"content":{"rendered":"<p><strong>HR\u00a0pros<\/strong>\u00a0a constitu\u00e9 une \u00e9quipe de consultants hautement qualifi\u00e9s dans le domaine des ressources humaines (RH) propose des services et des conseils en gestion strat\u00e9gique des ressources humaines aux entreprises, aux administrations gouvernementales locales et au secteur des organismes \u00e0 but non lucratif. \u00a0Nos services sont offerts dans tout le Nouveau-Brunswick.<\/p>\n<p>Le fait de confier la gestion des ressources humaines \u00e0 un cabinet externe permet aux organismes et aux propri\u00e9taires d\u2019entreprise de consacrer leurs efforts et leurs pr\u00e9paratifs au fonctionnement et au d\u00e9veloppement de leurs activit\u00e9s. Les services que nous offrons sont abordables et rapides et sont disponibles dans les deux langues officielles du pays.<\/p>\n<h2>Appelez (902) 877-1887 pour en savoir plus sur nos services consultation en gestion des Ressources Humaines.<\/h2>\n<p><\/p>","protected":false},"excerpt":{"rendered":"<p>HR\u00a0pros\u00a0a constitu\u00e9 une \u00e9quipe de consultants hautement qualifi\u00e9s dans le domaine des ressources humaines (RH) propose des services et des conseils en gestion strat\u00e9gique des ressources humaines aux entreprises, aux administrations gouvernementales locales et au secteur des organismes \u00e0 but non lucratif. \u00a0Nos services sont offerts dans tout le Nouveau-Brunswick. Le fait de confier la [&hellip;]<\/p>\n","protected":false},"author":2,"featured_media":0,"parent":0,"menu_order":1,"comment_status":"open","ping_status":"open","template":"","meta":{"footnotes":""},"class_list":["post-2451","page","type-page","status-publish","hentry"],"aioseo_notices":[],"_links":{"self":[{"href":"https:\/\/hr-pros.ca\/fr\/wp-json\/wp\/v2\/pages\/2451","targetHints":{"allow":["GET"]}}],"collection":[{"href":"https:\/\/hr-pros.ca\/fr\/wp-json\/wp\/v2\/pages"}],"about":[{"href":"https:\/\/hr-pros.ca\/fr\/wp-json\/wp\/v2\/types\/page"}],"author":[{"embeddable":true,"href":"https:\/\/hr-pros.ca\/fr\/wp-json\/wp\/v2\/users\/2"}],"replies":[{"embeddable":true,"href":"https:\/\/hr-pros.ca\/fr\/wp-json\/wp\/v2\/comments?post=2451"}],"version-history":[{"count":13,"href":"https:\/\/hr-pros.ca\/fr\/wp-json\/wp\/v2\/pages\/2451\/revisions"}],"predecessor-version":[{"id":2462,"href":"https:\/\/hr-pros.ca\/fr\/wp-json\/wp\/v2\/pages\/2451\/revisions\/2462"}],"wp:attachment":[{"href":"https:\/\/hr-pros.ca\/fr\/wp-json\/wp\/v2\/media?parent=2451"}],"curies":[{"name":"wp","href":"https:\/\/api.w.org\/{rel}","templated":true}]}}