{"id":24,"date":"2009-03-23T16:53:46","date_gmt":"2009-03-23T16:53:46","guid":{"rendered":"http:\/\/hr-pros.ca\/?page_id=24"},"modified":"2016-12-23T11:59:49","modified_gmt":"2016-12-23T15:59:49","slug":"services","status":"publish","type":"page","link":"https:\/\/hr-pros.ca\/fr\/home\/services\/","title":{"rendered":"Services"},"content":{"rendered":"<p><strong>HR\u00a0pros<\/strong> a constitu\u00e9 une \u00e9quipe de consultants tr\u00e8s exp\u00e9riment\u00e9s en ressources humaines, qui offre \u00e0 ses clients une gamme compl\u00e8te de services en gestion des ressources humaines. Nos clients ont d\u00e9couvert que, en confiant la gestion des ressources humaines en tout ou en partie \u00e0 un cabinet externe, ils pouvaient \u00e9pargner du temps et de l\u2019argent et se concentrer sur le d\u00e9veloppement de leur entreprise. Voici la liste des services que HR\u00a0pros offre partout dans les Maritimes. Nos services sont \u00e9galement disponibles en fran\u00e7ais. Veuillez cliquer sur les liens pour obtenir de plus amples renseignements\u00a0:<\/p>\n<p style=\"padding-left: 30px;\"><strong><span style=\"color: #0000ff;\"><a title=\"Gestion des ressources humaines\" href=\"http:\/\/hr-pros.ca\/fr\/services\/human-resources-management\/\"><span style=\"color: #0000ff;\">Gestion des ressources humaines<\/span><\/a><\/span><\/strong><\/p>\n<p style=\"padding-left: 30px;\"><strong><span style=\"color: #0000ff;\"><a title=\"Service de gestion des ressources humaines \u00e0 la demande\" href=\"http:\/\/hr-pros.ca\/fr\/home\/services\/hr-on-call\/\" target=\"_blank\"><span style=\"color: #0000ff;\">Service de RH \u00e0 la demande<\/span><\/a><\/span><\/strong><\/p>\n<p style=\"padding-left: 30px;\"><strong><span style=\"color: #0000ff;\"><a title=\"S\u00e9curit\u00e9 et Sant\u00e9 au Travail\" href=\"http:\/\/hr-pros.ca\/fr\/home\/services\/occupational-health-and-safety\/\" target=\"_blank\"><span style=\"color: #0000ff;\">Sant\u00e9 et s\u00e9curit\u00e9 au travail<\/span><\/a><\/span><\/strong><\/p>\n<p style=\"padding-left: 30px;\"><strong><span style=\"color: #0000ff;\"><a title=\"Formation - Diff\u00e9rents ateliers et cours en gestion des ressources humaines\" href=\"http:\/\/hr-pros.ca\/fr\/services\/training\/\" target=\"_blank\"><span style=\"color: #0000ff;\">Formation<\/span><\/a><\/span><\/strong><\/p>\n<p style=\"padding-left: 30px;\"><strong><span style=\"color: #0000ff;\"><a title=\"Webinaires sur la gestion des ressources humaines\" href=\"http:\/\/hr-pros.ca\/fr\/services\/webinars\/\" target=\"_blank\"><span style=\"color: #0000ff;\">Webinaires<\/span><\/a><\/span><\/strong><\/p>\n<p style=\"padding-left: 30px;\"><a title=\"Diverist\u00e9 et \u00e9quit\u00e9\" href=\"http:\/\/hr-pros.ca\/fr\/services\/diversity\/\"><strong><span style=\"color: #0000ff;\">Diversit\u00e9 et \u00e9quit\u00e9 en mati\u00e8re d\u2019emploi<\/span><\/strong><\/a><\/p>\n<p style=\"padding-left: 30px;\"><strong><span style=\"color: #0000ff;\"><a title=\"Offres d'emploi\" href=\"http:\/\/hr-pros.ca\/fr\/services\/job-opportunities\/\" target=\"_blank\"><span style=\"color: #0000ff;\">Offres d\u2019emploi<\/span><\/a><\/span><\/strong><\/p>\n<p><\/p>","protected":false},"excerpt":{"rendered":"<p>HR\u00a0pros a constitu\u00e9 une \u00e9quipe de consultants tr\u00e8s exp\u00e9riment\u00e9s en ressources humaines, qui offre \u00e0 ses clients une gamme compl\u00e8te de services en gestion des ressources humaines. Nos clients ont d\u00e9couvert que, en confiant la gestion des ressources humaines en tout ou en partie \u00e0 un cabinet externe, ils pouvaient \u00e9pargner du temps et de [&hellip;]<\/p>\n","protected":false},"author":2,"featured_media":0,"parent":18,"menu_order":3,"comment_status":"closed","ping_status":"open","template":"","meta":{"footnotes":""},"class_list":["post-24","page","type-page","status-publish","hentry"],"aioseo_notices":[],"_links":{"self":[{"href":"https:\/\/hr-pros.ca\/fr\/wp-json\/wp\/v2\/pages\/24","targetHints":{"allow":["GET"]}}],"collection":[{"href":"https:\/\/hr-pros.ca\/fr\/wp-json\/wp\/v2\/pages"}],"about":[{"href":"https:\/\/hr-pros.ca\/fr\/wp-json\/wp\/v2\/types\/page"}],"author":[{"embeddable":true,"href":"https:\/\/hr-pros.ca\/fr\/wp-json\/wp\/v2\/users\/2"}],"replies":[{"embeddable":true,"href":"https:\/\/hr-pros.ca\/fr\/wp-json\/wp\/v2\/comments?post=24"}],"version-history":[{"count":52,"href":"https:\/\/hr-pros.ca\/fr\/wp-json\/wp\/v2\/pages\/24\/revisions"}],"predecessor-version":[{"id":26401,"href":"https:\/\/hr-pros.ca\/fr\/wp-json\/wp\/v2\/pages\/24\/revisions\/26401"}],"up":[{"embeddable":true,"href":"https:\/\/hr-pros.ca\/fr\/wp-json\/wp\/v2\/pages\/18"}],"wp:attachment":[{"href":"https:\/\/hr-pros.ca\/fr\/wp-json\/wp\/v2\/media?parent=24"}],"curies":[{"name":"wp","href":"https:\/\/api.w.org\/{rel}","templated":true}]}}