{"id":22,"date":"2009-03-23T16:53:29","date_gmt":"2009-03-23T16:53:29","guid":{"rendered":"http:\/\/hr-pros.ca\/?page_id=22"},"modified":"2016-10-14T11:13:38","modified_gmt":"2016-10-14T14:13:38","slug":"aboutus","status":"publish","type":"page","link":"https:\/\/hr-pros.ca\/fr\/home\/aboutus\/","title":{"rendered":"\u00c0 propos de nous"},"content":{"rendered":"<p>HR\u00a0pros est un cabinet qui a \u00e9t\u00e9 fond\u00e9 en 2008 et dont le si\u00e8ge est \u00e0 Halifax, en Nouvelle-\u00c9cosse. Il propose des services et des conseils en gestion strat\u00e9gique des ressources humaines aux entreprises, aux administrations gouvernementales locales et au secteur des organismes \u00e0 but non lucratif partout dans les Maritimes. Notre \u00e9quipe r\u00e9unit des consultants en ressources humaines poss\u00e9dant une vaste exp\u00e9rience dans le secteur public, le secteur priv\u00e9 et le secteur des organismes \u00e0 but non lucratif. Pour en apprendre davantage sur nos consultants, suivez les liens ci-dessous\u00a0:<\/p>\n<p style=\"padding-left: 30px;\"><span style=\"color: #0000ff;\"><a title=\"Sylvain Allaire, Vice-pr\u00e9sident, Consultant ressources humaines, Nouvelle-\u00c9cosse\" href=\"http:\/\/hr-pros.ca\/fr\/home\/aboutus\/sylvain-allaire-mpa-chrp\/\" target=\"_blank\"><span style=\"color: #0000ff;\">Sylvain Allaire, MPA, CRHA \u00a0\u2013 vice-pr\u00e9sident \u00e0 la vente et au marketing<\/span><\/a><\/span><\/p>\n<p style=\"padding-left: 30px;\"><span style=\"color: #0000ff;\"><a title=\"Tanya Sieliakus, Human Resources Consultant, VP Consulting Services\" href=\"http:\/\/hr-pros.ca\/fr\/home\/aboutus\/tanya-sieliakus\/\"><span style=\"color: #0000ff;\">Tanya Sieliakus, CRHA \u2013 vice-pr\u00e9sidente aux services de consultation<\/span><\/a><\/span><\/p>\n<p style=\"padding-left: 30px;\"><span style=\"color: #0000ff;\"><a title=\"Wayne Adams, Senior Consultant, Human Resources\" href=\"http:\/\/hr-pros.ca\/fr\/home\/aboutus\/wayne-adams\/\" target=\"_blank\"><span style=\"color: #0000ff;\">Dr Wayne Adams, C.M., O.N.S. \u2013 consultant principal<\/span><\/a><\/span><\/p>\n<p style=\"padding-left: 30px;\"><a style=\"font-size: 14px; line-height: 1.7;\" title=\"Marlene Keith, CHRP, Human Resources consultant- New Brunswick\" href=\"http:\/\/hr-pros.ca\/fr\/home\/aboutus\/marlene-keith\/\"><span style=\"color: #0000ff;\">Marlene Keith, CRHA \u2013 consultante pour les projets au Nouveau-Brunswick<\/span><\/a><\/p>\n<p style=\"padding-left: 30px;\"><a title=\"Karen St-Pierre, Consultante Ressources Humaines\" href=\"http:\/\/hr-pros.ca\/fr\/home\/aboutus\/karen-st-pierre\/\" target=\"_blank\"><span style=\"color: #0000ff;\">Karen St-Pierre \u2013 consultante pour les projets en Nouvelle-\u00c9cosse<\/span><\/a><\/p>\n<p>Chez <strong>HR\u00a0pros<\/strong>, nous sommes tr\u00e8s attach\u00e9s \u00e0 nos activit\u00e9s en Nouvelle-\u00c9cosse et \u00e0 notre contribution au d\u00e9veloppement de l\u2019\u00e9conomie de la province. L\u2019objectif principal du cabinet est d\u2019aider les entreprises \u00e0 faire face \u00e0 la concurrence sur un march\u00e9 du travail o\u00f9 les conditions sont de plus en plus difficiles.<\/p>\n<p>Ce sont les petites entreprises qui alimentent la croissance de notre \u00e9conomie et il faut que ces petites entreprises s\u2019adaptent aux difficult\u00e9s qui se profilent \u00e0 l\u2019horizon si nous voulons que notre r\u00e9gion continue de conna\u00eetre la prosp\u00e9rit\u00e9.<\/p>\n<p>HR\u00a0pros est membre fondateur de <a href=\"http:\/\/www.novascotialife.com\/chartermembers\/hr-pros\">Nova Scotia Come to Life<\/a> et membre de la Halifax Chamber of Commerce (chambre de commerce d\u2019Halifax), de la <a href=\"http:\/\/www.ccfh.info\/\">Chambre de commerce francophone d\u2019Halifax<\/a>.<\/p>\n<div><\/div>\n<p><\/p>","protected":false},"excerpt":{"rendered":"<p>HR\u00a0pros est un cabinet qui a \u00e9t\u00e9 fond\u00e9 en 2008 et dont le si\u00e8ge est \u00e0 Halifax, en Nouvelle-\u00c9cosse. Il propose des services et des conseils en gestion strat\u00e9gique des ressources humaines aux entreprises, aux administrations gouvernementales locales et au secteur des organismes \u00e0 but non lucratif partout dans les Maritimes. Notre \u00e9quipe r\u00e9unit des [&hellip;]<\/p>\n","protected":false},"author":2,"featured_media":0,"parent":18,"menu_order":1,"comment_status":"closed","ping_status":"open","template":"","meta":{"footnotes":""},"class_list":["post-22","page","type-page","status-publish","hentry"],"aioseo_notices":[],"_links":{"self":[{"href":"https:\/\/hr-pros.ca\/fr\/wp-json\/wp\/v2\/pages\/22","targetHints":{"allow":["GET"]}}],"collection":[{"href":"https:\/\/hr-pros.ca\/fr\/wp-json\/wp\/v2\/pages"}],"about":[{"href":"https:\/\/hr-pros.ca\/fr\/wp-json\/wp\/v2\/types\/page"}],"author":[{"embeddable":true,"href":"https:\/\/hr-pros.ca\/fr\/wp-json\/wp\/v2\/users\/2"}],"replies":[{"embeddable":true,"href":"https:\/\/hr-pros.ca\/fr\/wp-json\/wp\/v2\/comments?post=22"}],"version-history":[{"count":135,"href":"https:\/\/hr-pros.ca\/fr\/wp-json\/wp\/v2\/pages\/22\/revisions"}],"predecessor-version":[{"id":26363,"href":"https:\/\/hr-pros.ca\/fr\/wp-json\/wp\/v2\/pages\/22\/revisions\/26363"}],"up":[{"embeddable":true,"href":"https:\/\/hr-pros.ca\/fr\/wp-json\/wp\/v2\/pages\/18"}],"wp:attachment":[{"href":"https:\/\/hr-pros.ca\/fr\/wp-json\/wp\/v2\/media?parent=22"}],"curies":[{"name":"wp","href":"https:\/\/api.w.org\/{rel}","templated":true}]}}