{"id":1975,"date":"2012-07-30T15:18:21","date_gmt":"2012-07-30T18:18:21","guid":{"rendered":"http:\/\/hr-pros.ca\/?page_id=1975"},"modified":"2012-08-13T14:58:31","modified_gmt":"2012-08-13T17:58:31","slug":"how-to-become-an-employer-of-choice","status":"publish","type":"page","link":"https:\/\/hr-pros.ca\/fr\/home\/questions-for-human-resources-consultant\/how-to-become-an-employer-of-choice\/","title":{"rendered":"Employeur de choix"},"content":{"rendered":"<p><strong>Comment puis-je devenir un Employeur de Choix?\u00a0Que faut-il que je fasse pour cela?<\/strong><\/p>\n<p>On ne devient pas employeur de choix par accident. C\u2019est quelque chose qui demande un v\u00e9ritable effort. Dans bon nombre d\u2019organismes, on pense qu\u2019il suffit que les gestionnaires s\u2019asseyent autour d\u2019une table et r\u00e9fl\u00e9chissent \u00e0 ce qu\u2019ils savent sur ce que les employ\u00e9s veulent. Pour devenir un vrai employeur de choix, il faut prendre conscience du fait que cela signifie qu\u2019il faut savoir prendre le pouls de la main-d\u2019\u0153uvre, de ses besoins et de ses d\u00e9sirs. Nous recommandons donc vivement aux employeurs de faire chaque ann\u00e9e une enqu\u00eate sur la satisfaction de leurs employ\u00e9s. Avec une telle enqu\u00eate, du moment qu\u2019elle est bien con\u00e7ue et bien organis\u00e9e, on d\u00e9couvrira ce qui va bien, ce qui ne va pas bien et ce qui ne va vraiment pas bien dans le milieu de travail. Si l\u2019employeur fait une bonne analyse des r\u00e9sultats de l\u2019enqu\u00eate, il disposera d\u2019une feuille de route concr\u00e8te, avec des activit\u00e9s et des jalons pour renforcer le moral des employ\u00e9s, leur motivation, leur participation et leur fid\u00e9lit\u00e9.<\/p>","protected":false},"excerpt":{"rendered":"<p>Comment puis-je devenir un Employeur de Choix?\u00a0Que faut-il que je fasse pour cela? On ne devient pas employeur de choix par accident. C\u2019est quelque chose qui demande un v\u00e9ritable effort. Dans bon nombre d\u2019organismes, on pense qu\u2019il suffit que les gestionnaires s\u2019asseyent autour d\u2019une table et r\u00e9fl\u00e9chissent \u00e0 ce qu\u2019ils savent sur ce que les [&hellip;]<\/p>\n","protected":false},"author":2,"featured_media":0,"parent":1293,"menu_order":8,"comment_status":"open","ping_status":"closed","template":"","meta":{"footnotes":""},"class_list":["post-1975","page","type-page","status-publish","hentry"],"aioseo_notices":[],"_links":{"self":[{"href":"https:\/\/hr-pros.ca\/fr\/wp-json\/wp\/v2\/pages\/1975","targetHints":{"allow":["GET"]}}],"collection":[{"href":"https:\/\/hr-pros.ca\/fr\/wp-json\/wp\/v2\/pages"}],"about":[{"href":"https:\/\/hr-pros.ca\/fr\/wp-json\/wp\/v2\/types\/page"}],"author":[{"embeddable":true,"href":"https:\/\/hr-pros.ca\/fr\/wp-json\/wp\/v2\/users\/2"}],"replies":[{"embeddable":true,"href":"https:\/\/hr-pros.ca\/fr\/wp-json\/wp\/v2\/comments?post=1975"}],"version-history":[{"count":12,"href":"https:\/\/hr-pros.ca\/fr\/wp-json\/wp\/v2\/pages\/1975\/revisions"}],"predecessor-version":[{"id":2514,"href":"https:\/\/hr-pros.ca\/fr\/wp-json\/wp\/v2\/pages\/1975\/revisions\/2514"}],"up":[{"embeddable":true,"href":"https:\/\/hr-pros.ca\/fr\/wp-json\/wp\/v2\/pages\/1293"}],"wp:attachment":[{"href":"https:\/\/hr-pros.ca\/fr\/wp-json\/wp\/v2\/media?parent=1975"}],"curies":[{"name":"wp","href":"https:\/\/api.w.org\/{rel}","templated":true}]}}