{"id":1958,"date":"2012-07-30T14:36:23","date_gmt":"2012-07-30T17:36:23","guid":{"rendered":"http:\/\/hr-pros.ca\/?page_id=1958"},"modified":"2012-09-06T10:47:30","modified_gmt":"2012-09-06T13:47:30","slug":"how-can-i-reduce-my-wcb-rates","status":"publish","type":"page","link":"https:\/\/hr-pros.ca\/fr\/home\/questions-for-human-resources-consultant\/how-can-i-reduce-my-wcb-rates\/","title":{"rendered":"Que puis-je faire pour r\u00e9duire mon taux de la CAT?"},"content":{"rendered":"<p><strong>Quels sont les facteurs qui font augmenter le taux de cotisation \u00e0 la Commission des accidents du travail? Que puis-je faire pour r\u00e9duire ce taux?<\/strong><\/p>\n<p>Il y a de multiples facteurs qui influencent le taux des cotisations \u00e0 la Commission des accidents du travail (CAT)\u00a0: vos ant\u00e9c\u00e9dents en mati\u00e8re d\u2019accidents en milieu de travail, le secteur industriel dont vous relevez pour la CAT, les ant\u00e9c\u00e9dents du secteur sur le plan de la s\u00e9curit\u00e9 et la comparaison entre vos propres ant\u00e9c\u00e9dents et ceux des autres dans votre secteur. Les employeurs devraient au minimum examiner une fois par an les tendances dans leur situation par rapport \u00e0 la CAT et d\u00e9terminer s\u2019il est n\u00e9cessaire d\u2019apporter des am\u00e9liorations sur le plan de la s\u00e9curit\u00e9 au travail. Ils peuvent avoir un impact positif sur le taux de leurs cotisations en prenant les devants pour minimiser les dangers dans le milieu de travail, gr\u00e2ce \u00e0 des programmes et \u00e0 des formations sur la s\u00e9curit\u00e9. Si vous avez des proc\u00e9dures en cours aupr\u00e8s de la CAT, assurez-vous que vous avez bien soumis toute la documentation n\u00e9cessaire et que les dossiers sont bien g\u00e9r\u00e9s, de fa\u00e7on \u00e0 ce que les employ\u00e9s puissent retourner au travail aussit\u00f4t que possible. En ce qui concerne les proc\u00e9dures en cours, le fait de bien comprendre les d\u00e9marches, vos obligations et vos droits selon la loi sur la CAT (Workers\u2019 Compensation Board Act) peut faire nettement baisser le co\u00fbt des proc\u00e9dures et, du m\u00eame coup, vos taux de cotisation.<\/p>\n<p>Vous trouverez les taux de cotisation pour les employeurs en 2012 sur le site Web de la\u00a0<a title=\"Nova Scotia WCB employer rates 2012\" href=\"http:\/\/www.wcb.ns.ca\/wcbns\/index_e.aspx?ArticleID=2087\">CAT<\/a>. ( En anglais).<\/p>\n<p>Visitez note page <span style=\"color: #0000ff;\"><a title=\"Astuces et strat\u00e9gies pour r\u00e9duire la cotisation \u00e0 la CAT\" href=\"http:\/\/hr-pros.ca\/fr\/home\/services\/webinars\/\"><span style=\"color: #0000ff;\">Webinaire<\/span><\/a> <\/span>pour participez \u00e0 un webinaire gratuit et apprencre comment r\u00e9duire votre cotisation \u00e0 la CAT.<\/p>","protected":false},"excerpt":{"rendered":"<p>Quels sont les facteurs qui font augmenter le taux de cotisation \u00e0 la Commission des accidents du travail? Que puis-je faire pour r\u00e9duire ce taux? Il y a de multiples facteurs qui influencent le taux des cotisations \u00e0 la Commission des accidents du travail (CAT)\u00a0: vos ant\u00e9c\u00e9dents en mati\u00e8re d\u2019accidents en milieu de travail, le [&hellip;]<\/p>\n","protected":false},"author":2,"featured_media":0,"parent":1293,"menu_order":6,"comment_status":"open","ping_status":"closed","template":"","meta":{"footnotes":""},"class_list":["post-1958","page","type-page","status-publish","hentry"],"aioseo_notices":[],"_links":{"self":[{"href":"https:\/\/hr-pros.ca\/fr\/wp-json\/wp\/v2\/pages\/1958","targetHints":{"allow":["GET"]}}],"collection":[{"href":"https:\/\/hr-pros.ca\/fr\/wp-json\/wp\/v2\/pages"}],"about":[{"href":"https:\/\/hr-pros.ca\/fr\/wp-json\/wp\/v2\/types\/page"}],"author":[{"embeddable":true,"href":"https:\/\/hr-pros.ca\/fr\/wp-json\/wp\/v2\/users\/2"}],"replies":[{"embeddable":true,"href":"https:\/\/hr-pros.ca\/fr\/wp-json\/wp\/v2\/comments?post=1958"}],"version-history":[{"count":17,"href":"https:\/\/hr-pros.ca\/fr\/wp-json\/wp\/v2\/pages\/1958\/revisions"}],"predecessor-version":[{"id":2580,"href":"https:\/\/hr-pros.ca\/fr\/wp-json\/wp\/v2\/pages\/1958\/revisions\/2580"}],"up":[{"embeddable":true,"href":"https:\/\/hr-pros.ca\/fr\/wp-json\/wp\/v2\/pages\/1293"}],"wp:attachment":[{"href":"https:\/\/hr-pros.ca\/fr\/wp-json\/wp\/v2\/media?parent=1958"}],"curies":[{"name":"wp","href":"https:\/\/api.w.org\/{rel}","templated":true}]}}