{"id":1930,"date":"2012-07-30T13:10:45","date_gmt":"2012-07-30T16:10:45","guid":{"rendered":"http:\/\/hr-pros.ca\/?page_id=1930"},"modified":"2013-05-08T09:06:07","modified_gmt":"2013-05-08T12:06:07","slug":"why-do-we-need-employee-policies","status":"publish","type":"page","link":"https:\/\/hr-pros.ca\/fr\/home\/questions-for-human-resources-consultant\/why-do-we-need-employee-policies\/","title":{"rendered":"Nous faut-il des politiques pour les employ\u00e9s?"},"content":{"rendered":"<p>Toutes les entreprises, petites ou grandes, devraient avoir des politiques pour les employ\u00e9s. Ces politiques sont les r\u00e8gles de l\u2019entreprise. \u00c0 notre avis, il est intrins\u00e8quement injuste que l\u2019employeur ait des r\u00e8gles sans en faire part \u00e0 ses employ\u00e9s. Le fait d\u2019avoir des r\u00e8gles et de ne pas en faire part aux employ\u00e9s est source de frictions internes superflues. Avec des politiques clairement d\u00e9finies pour les employ\u00e9s, on garantit que les sup\u00e9rieurs hi\u00e9rarchiques seront coh\u00e9rents dans la prise de d\u00e9cisions. En outre, si jamais un employ\u00e9 ou un ancien employ\u00e9 engage des poursuites contre vous (dans le cadre d\u2019une plainte aupr\u00e8s du minist\u00e8re du Travail ou de la Commission des droits de la personne, par exemple), la premi\u00e8re chose que l\u2019organisme gouvernemental ou votre avocat vous demandera est de pouvoir consulter votre politique pour les employ\u00e9s. Le fait de ne pas avoir de telle politique fera qu\u2019il sera quasiment impossible pour vous de vous d\u00e9fendre! D\u2019apr\u00e8s notre propre exp\u00e9rience, le co\u00fbt que repr\u00e9sente pour l\u2019employeur le r\u00e8glement d\u2019une plainte aupr\u00e8s du minist\u00e8re du Travail ou de la Commission des droits de la personne peut aller respectivement jusqu\u2019\u00e0 20\u00a0000 dollars et 35\u00a0000\u00a0dollars!<\/p>\n<p>Un article dans le <span style=\"color: #0000ff;\"><a title=\"Just Us! workers say they can't get a break.\" href=\"http:\/\/thechronicleherald.ca\/business\/1128124-just-us-workers-say-they-can-t-get-a-break\" target=\"_blank\"><span style=\"color: #0000ff;\">Chronicle-Herald<\/span><\/a><\/span>. \u00a0De bonnes politiques auraient aid\u00e9 l&#8217;employeur \u00e0 \u00e9viter cette situation et la publicit\u00e9 n\u00e9gative.<\/p>","protected":false},"excerpt":{"rendered":"<p>Toutes les entreprises, petites ou grandes, devraient avoir des politiques pour les employ\u00e9s. Ces politiques sont les r\u00e8gles de l\u2019entreprise. \u00c0 notre avis, il est intrins\u00e8quement injuste que l\u2019employeur ait des r\u00e8gles sans en faire part \u00e0 ses employ\u00e9s. Le fait d\u2019avoir des r\u00e8gles et de ne pas en faire part aux employ\u00e9s est source [&hellip;]<\/p>\n","protected":false},"author":2,"featured_media":0,"parent":1293,"menu_order":5,"comment_status":"open","ping_status":"closed","template":"","meta":{"footnotes":""},"class_list":["post-1930","page","type-page","status-publish","hentry"],"aioseo_notices":[],"_links":{"self":[{"href":"https:\/\/hr-pros.ca\/fr\/wp-json\/wp\/v2\/pages\/1930","targetHints":{"allow":["GET"]}}],"collection":[{"href":"https:\/\/hr-pros.ca\/fr\/wp-json\/wp\/v2\/pages"}],"about":[{"href":"https:\/\/hr-pros.ca\/fr\/wp-json\/wp\/v2\/types\/page"}],"author":[{"embeddable":true,"href":"https:\/\/hr-pros.ca\/fr\/wp-json\/wp\/v2\/users\/2"}],"replies":[{"embeddable":true,"href":"https:\/\/hr-pros.ca\/fr\/wp-json\/wp\/v2\/comments?post=1930"}],"version-history":[{"count":25,"href":"https:\/\/hr-pros.ca\/fr\/wp-json\/wp\/v2\/pages\/1930\/revisions"}],"predecessor-version":[{"id":1939,"href":"https:\/\/hr-pros.ca\/fr\/wp-json\/wp\/v2\/pages\/1930\/revisions\/1939"}],"up":[{"embeddable":true,"href":"https:\/\/hr-pros.ca\/fr\/wp-json\/wp\/v2\/pages\/1293"}],"wp:attachment":[{"href":"https:\/\/hr-pros.ca\/fr\/wp-json\/wp\/v2\/media?parent=1930"}],"curies":[{"name":"wp","href":"https:\/\/api.w.org\/{rel}","templated":true}]}}