{"id":1912,"date":"2012-07-30T12:46:12","date_gmt":"2012-07-30T15:46:12","guid":{"rendered":"http:\/\/hr-pros.ca\/?page_id=1912"},"modified":"2012-08-13T11:14:49","modified_gmt":"2012-08-13T14:14:49","slug":"why-do-i-need-job-descriptions","status":"publish","type":"page","link":"https:\/\/hr-pros.ca\/fr\/home\/questions-for-human-resources-consultant\/why-do-i-need-job-descriptions\/","title":{"rendered":"Est-ce qu\u2019il me faut des descriptions des postes?"},"content":{"rendered":"<p><\/p>\n<p><strong>Nous sommes une petite entreprise o\u00f9 tout le monde doit tout savoir. Est-ce qu\u2019il me faut des descriptions des postes?<\/strong><\/p>\n<p>Les descriptions des postes sont un des piliers du bon fonctionnement de l\u2019entreprise, quelle que soit sa taille. Les descriptions de poste sont utiles quand on pr\u00e9pare les offres d\u2019emploi et les autres outils de recrutement (guides pour les entretiens, v\u00e9rifications des r\u00e9f\u00e9rences, contrats d\u2019embauche, etc.). Elles sont tout particuli\u00e8rement utiles en tant qu\u2019outil d\u2019encadrement pour les nouveaux employ\u00e9s et les employ\u00e9s qui n\u2019ont pas le rendement souhait\u00e9. Les descriptions des postes sont un outil n\u00e9cessaire en RH pour le processus d\u2019\u00e9valuation du rendement et pour l\u2019initiation des nouveaux employ\u00e9s. Sur le plan holistique, ces descriptions fournissent une repr\u00e9sentation tangible de ce que chacun fait dans l\u2019entreprise. De m\u00eame, le processus d\u2019\u00e9laboration des descriptions des postes offre une excellente occasion de r\u00e9duire les redondances dans l\u2019organisme et d\u2019am\u00e9liorer son efficacit\u00e9. Nous recommandons fortement \u00e0 toutes les entreprises d\u2019avoir des descriptions des postes!<\/p>\n<p><\/p>","protected":false},"excerpt":{"rendered":"<p>Nous sommes une petite entreprise o\u00f9 tout le monde doit tout savoir. Est-ce qu\u2019il me faut des descriptions des postes? Les descriptions des postes sont un des piliers du bon fonctionnement de l\u2019entreprise, quelle que soit sa taille. Les descriptions de poste sont utiles quand on pr\u00e9pare les offres d\u2019emploi et les autres outils de [&hellip;]<\/p>\n","protected":false},"author":2,"featured_media":0,"parent":1293,"menu_order":3,"comment_status":"open","ping_status":"closed","template":"","meta":{"footnotes":""},"class_list":["post-1912","page","type-page","status-publish","hentry"],"aioseo_notices":[],"_links":{"self":[{"href":"https:\/\/hr-pros.ca\/fr\/wp-json\/wp\/v2\/pages\/1912","targetHints":{"allow":["GET"]}}],"collection":[{"href":"https:\/\/hr-pros.ca\/fr\/wp-json\/wp\/v2\/pages"}],"about":[{"href":"https:\/\/hr-pros.ca\/fr\/wp-json\/wp\/v2\/types\/page"}],"author":[{"embeddable":true,"href":"https:\/\/hr-pros.ca\/fr\/wp-json\/wp\/v2\/users\/2"}],"replies":[{"embeddable":true,"href":"https:\/\/hr-pros.ca\/fr\/wp-json\/wp\/v2\/comments?post=1912"}],"version-history":[{"count":21,"href":"https:\/\/hr-pros.ca\/fr\/wp-json\/wp\/v2\/pages\/1912\/revisions"}],"predecessor-version":[{"id":1925,"href":"https:\/\/hr-pros.ca\/fr\/wp-json\/wp\/v2\/pages\/1912\/revisions\/1925"}],"up":[{"embeddable":true,"href":"https:\/\/hr-pros.ca\/fr\/wp-json\/wp\/v2\/pages\/1293"}],"wp:attachment":[{"href":"https:\/\/hr-pros.ca\/fr\/wp-json\/wp\/v2\/media?parent=1912"}],"curies":[{"name":"wp","href":"https:\/\/api.w.org\/{rel}","templated":true}]}}