{"id":1887,"date":"2012-07-30T11:22:50","date_gmt":"2012-07-30T14:22:50","guid":{"rendered":"http:\/\/hr-pros.ca\/?page_id=1887"},"modified":"2012-08-13T11:06:18","modified_gmt":"2012-08-13T14:06:18","slug":"when-do-i-need-formal-human-resources-management-policies","status":"publish","type":"page","link":"https:\/\/hr-pros.ca\/fr\/home\/questions-for-human-resources-consultant\/when-do-i-need-formal-human-resources-management-policies\/","title":{"rendered":"Est-ce qu\u2019il me faut des politiques officielles en gestion des ressources humaines?"},"content":{"rendered":"<p>C\u2019est une question qu\u2019on nous pose tout le temps! Le fait est que, d\u00e8s que vous embauchez votre tout premier employ\u00e9, vous avez des obligations selon la loi et, si vous n\u2019avez pas de politiques officielles en mati\u00e8re de ressources humaines, vous \u00eates vuln\u00e9rable parce qu\u2019on pourrait porter des accusations contre vous. La meilleure approche, selon nous, est de mettre en place une structure minimum pour la gestion des RH avant m\u00eame l\u2019embauche de votre premier employ\u00e9\u00a0: offre de recrutement (formulaire de candidature, guide pour les entretiens, offre d\u2019emploi), manuel de politique de gestion du personnel et descriptions des postes. Nous sugg\u00e9rons \u00e9galement aux employeurs de faire un minimum d\u2019investissements dans les dispositifs suivants\u00a0: outils de gestion du rendement (\u00e9valuations des nouveaux employ\u00e9s et \u00e9valuations annuelles), programmes d\u2019initiation pour les nouveaux employ\u00e9s et r\u00e9gimes de r\u00e9mun\u00e9ration.<\/p>","protected":false},"excerpt":{"rendered":"<p>C\u2019est une question qu\u2019on nous pose tout le temps! Le fait est que, d\u00e8s que vous embauchez votre tout premier employ\u00e9, vous avez des obligations selon la loi et, si vous n\u2019avez pas de politiques officielles en mati\u00e8re de ressources humaines, vous \u00eates vuln\u00e9rable parce qu\u2019on pourrait porter des accusations contre vous. La meilleure approche, [&hellip;]<\/p>\n","protected":false},"author":2,"featured_media":0,"parent":1293,"menu_order":0,"comment_status":"open","ping_status":"closed","template":"","meta":{"footnotes":""},"class_list":["post-1887","page","type-page","status-publish","hentry"],"aioseo_notices":[],"_links":{"self":[{"href":"https:\/\/hr-pros.ca\/fr\/wp-json\/wp\/v2\/pages\/1887","targetHints":{"allow":["GET"]}}],"collection":[{"href":"https:\/\/hr-pros.ca\/fr\/wp-json\/wp\/v2\/pages"}],"about":[{"href":"https:\/\/hr-pros.ca\/fr\/wp-json\/wp\/v2\/types\/page"}],"author":[{"embeddable":true,"href":"https:\/\/hr-pros.ca\/fr\/wp-json\/wp\/v2\/users\/2"}],"replies":[{"embeddable":true,"href":"https:\/\/hr-pros.ca\/fr\/wp-json\/wp\/v2\/comments?post=1887"}],"version-history":[{"count":29,"href":"https:\/\/hr-pros.ca\/fr\/wp-json\/wp\/v2\/pages\/1887\/revisions"}],"predecessor-version":[{"id":1898,"href":"https:\/\/hr-pros.ca\/fr\/wp-json\/wp\/v2\/pages\/1887\/revisions\/1898"}],"up":[{"embeddable":true,"href":"https:\/\/hr-pros.ca\/fr\/wp-json\/wp\/v2\/pages\/1293"}],"wp:attachment":[{"href":"https:\/\/hr-pros.ca\/fr\/wp-json\/wp\/v2\/media?parent=1887"}],"curies":[{"name":"wp","href":"https:\/\/api.w.org\/{rel}","templated":true}]}}