{"id":1867,"date":"2012-07-24T10:07:06","date_gmt":"2012-07-24T13:07:06","guid":{"rendered":"http:\/\/hr-pros.ca\/?page_id=1867"},"modified":"2017-02-02T17:58:02","modified_gmt":"2017-02-02T21:58:02","slug":"webinars","status":"publish","type":"page","link":"https:\/\/hr-pros.ca\/fr\/webinars\/","title":{"rendered":"Webinaires"},"content":{"rendered":"<p>Le 3e mercredi de chaque mois, nos experts en gestion des ressources humaines pr\u00e9senteront un webinaire sur un sujet d&rsquo;importance en gestion des ressources humaines. \u00a0Nos experts partageront avec les participants des astuces, conseils, et meilleures pratiques. Les webinaires seront de 30 \u00e0 40 minutes avec beaucoup de temps pour r\u00e9pondre \u00e0 vos questions. \u00a0Pourquoi ne pas participer et ainsi apprendre comment am\u00e9liorer votre entreprise? Dans le moment, nos webinaires sont en anglais mais nous avons la capacit\u00e9 de r\u00e9pondre aux questions en fran\u00e7ais. \u00a0Nous avons aussi la capacit\u00e9 de programmer des webinaires en fran\u00e7ais selon la demande.<\/p>","protected":false},"excerpt":{"rendered":"<p>Le 3e mercredi de chaque mois, nos experts en gestion des ressources humaines pr\u00e9senteront un webinaire sur un sujet d&rsquo;importance en gestion des ressources humaines. \u00a0Nos experts partageront avec les participants des astuces, conseils, et meilleures pratiques. Les webinaires seront de 30 \u00e0 40 minutes avec beaucoup de temps pour r\u00e9pondre \u00e0 vos questions. \u00a0Pourquoi [&hellip;]<\/p>\n","protected":false},"author":2,"featured_media":0,"parent":0,"menu_order":0,"comment_status":"closed","ping_status":"open","template":"","meta":{"footnotes":""},"class_list":["post-1867","page","type-page","status-publish","hentry"],"aioseo_notices":[],"_links":{"self":[{"href":"https:\/\/hr-pros.ca\/fr\/wp-json\/wp\/v2\/pages\/1867","targetHints":{"allow":["GET"]}}],"collection":[{"href":"https:\/\/hr-pros.ca\/fr\/wp-json\/wp\/v2\/pages"}],"about":[{"href":"https:\/\/hr-pros.ca\/fr\/wp-json\/wp\/v2\/types\/page"}],"author":[{"embeddable":true,"href":"https:\/\/hr-pros.ca\/fr\/wp-json\/wp\/v2\/users\/2"}],"replies":[{"embeddable":true,"href":"https:\/\/hr-pros.ca\/fr\/wp-json\/wp\/v2\/comments?post=1867"}],"version-history":[{"count":142,"href":"https:\/\/hr-pros.ca\/fr\/wp-json\/wp\/v2\/pages\/1867\/revisions"}],"predecessor-version":[{"id":26408,"href":"https:\/\/hr-pros.ca\/fr\/wp-json\/wp\/v2\/pages\/1867\/revisions\/26408"}],"wp:attachment":[{"href":"https:\/\/hr-pros.ca\/fr\/wp-json\/wp\/v2\/media?parent=1867"}],"curies":[{"name":"wp","href":"https:\/\/api.w.org\/{rel}","templated":true}]}}