{"id":18,"date":"2009-03-23T16:50:29","date_gmt":"2009-03-23T16:50:29","guid":{"rendered":"http:\/\/hr-pros.ca\/?page_id=18"},"modified":"2017-03-14T13:46:33","modified_gmt":"2017-03-14T16:46:33","slug":"home","status":"publish","type":"page","link":"https:\/\/hr-pros.ca\/fr\/","title":{"rendered":"Accueil"},"content":{"rendered":"<p><script src=\"\/\/app.simplycast.com\/?q=forms\/getForm&amp;i=103917&amp;type=modal\" type=\"text\/javascript\"><\/script><br \/>\n<strong>HR\u00a0pros<\/strong> a constitu\u00e9 une \u00e9quipe de consultants hautement qualifi\u00e9s dans le domaine des ressources humaines (RH). L\u2019entreprise, dont le si\u00e8ge se situe \u00e0 Halifax, en Nouvelle-\u00c9cosse, et dont les clients se r\u00e9partissent sur l\u2019ensemble des Maritimes, propose des services et des conseils en gestion strat\u00e9gique des ressources humaines aux entreprises, aux administrations gouvernementales locales et au secteur des organismes \u00e0 but non lucratif.<\/p>\n<p>Le fait de confier la gestion des ressources humaines \u00e0 un cabinet externe permet aux organismes et aux propri\u00e9taires d\u2019entreprise de consacrer leurs efforts et leurs pr\u00e9paratifs au fonctionnement et au d\u00e9veloppement de leurs activit\u00e9s. Les services que nous offrons sont abordables et rapides et sont disponibles dans les deux langues officielles du pays.<\/p>\n<h3>Appelez HR pros (902-293-0253) d\u00e8s aujourd&rsquo;hui pour en apprendre d&rsquo;avantage sur ce que notre cabinet a \u00e0 vous offrir. \u00a0Votre premi\u00e8re consultation sera aux frais de la maison et ne n\u00e9cessite aucun engagement de votre part!<\/h3>\n<p>Nous offrons un <span style=\"color: #0000ff;\"><a title=\"Service de gestion de RH \u00e0 la demande\" href=\"http:\/\/hr-pros.ca\/fr\/home\/services\/hr-on-\"><span style=\"color: #0000ff;\">service de gestion de RH \u00e0 la demande<\/span><\/a><\/span>\u00a0qui est sp\u00e9cifiquement con\u00e7u en vue d\u2019aider les entreprises d\u00e9pourvues d\u2019un responsable des RH. Il s\u2019agit d\u2019un service id\u00e9al pour les nouvelles entreprises qui ont besoin d\u2019un savoir-faire en RH mais dont les ressources financi\u00e8res sont limit\u00e9es. Pour de plus amples renseignements sur notre service de garde en RH, remplissez le formulaire suivant ou consultez la page sur le <span style=\"color: #0000ff;\"><a title=\"Service de gestion de RH \u00e0 la demande\" href=\"http:\/\/hr-pros.ca\/fr\/home\/services\/hr-on-\"><span style=\"color: #0000ff;\">service de RH \u00e0 la demande<\/span><\/a><\/span>.<\/p>\n<p style=\"text-align: center;\">\n<p><\/p>","protected":false},"excerpt":{"rendered":"<p>HR\u00a0pros a constitu\u00e9 une \u00e9quipe de consultants hautement qualifi\u00e9s dans le domaine des ressources humaines (RH). L\u2019entreprise, dont le si\u00e8ge se situe \u00e0 Halifax, en Nouvelle-\u00c9cosse, et dont les clients se r\u00e9partissent sur l\u2019ensemble des Maritimes, propose des services et des conseils en gestion strat\u00e9gique des ressources humaines aux entreprises, aux administrations gouvernementales locales et [&hellip;]<\/p>\n","protected":false},"author":2,"featured_media":0,"parent":0,"menu_order":0,"comment_status":"closed","ping_status":"open","template":"","meta":{"footnotes":""},"class_list":["post-18","page","type-page","status-publish","hentry"],"aioseo_notices":[],"_links":{"self":[{"href":"https:\/\/hr-pros.ca\/fr\/wp-json\/wp\/v2\/pages\/18","targetHints":{"allow":["GET"]}}],"collection":[{"href":"https:\/\/hr-pros.ca\/fr\/wp-json\/wp\/v2\/pages"}],"about":[{"href":"https:\/\/hr-pros.ca\/fr\/wp-json\/wp\/v2\/types\/page"}],"author":[{"embeddable":true,"href":"https:\/\/hr-pros.ca\/fr\/wp-json\/wp\/v2\/users\/2"}],"replies":[{"embeddable":true,"href":"https:\/\/hr-pros.ca\/fr\/wp-json\/wp\/v2\/comments?post=18"}],"version-history":[{"count":124,"href":"https:\/\/hr-pros.ca\/fr\/wp-json\/wp\/v2\/pages\/18\/revisions"}],"predecessor-version":[{"id":26424,"href":"https:\/\/hr-pros.ca\/fr\/wp-json\/wp\/v2\/pages\/18\/revisions\/26424"}],"wp:attachment":[{"href":"https:\/\/hr-pros.ca\/fr\/wp-json\/wp\/v2\/media?parent=18"}],"curies":[{"name":"wp","href":"https:\/\/api.w.org\/{rel}","templated":true}]}}