{"id":1312,"date":"2011-02-18T15:27:07","date_gmt":"2011-02-18T19:27:07","guid":{"rendered":"http:\/\/hr-pros.ca\/"},"modified":"2012-08-11T14:57:10","modified_gmt":"2012-08-11T17:57:10","slug":"signup-hr-on-call","status":"publish","type":"page","link":"https:\/\/hr-pros.ca\/fr\/home\/services\/hr-on-call\/signup-hr-on-call\/","title":{"rendered":"Abonnement RH \u00e0 la demande"},"content":{"rendered":"<p>Une fois que vous aurez rempli et envoy\u00e9 ce formulaire, nous vous enverrons un contrat d\u00e9crivant les services et les instructions pour le paiement.<\/p>\n<p>[contact-form-7 id=\u00a0\u00bb2186&Prime; title=\u00a0\u00bbContact form 8 Sign up for HR on Call_copy\u00a0\u00bb]<\/p>","protected":false},"excerpt":{"rendered":"<p>Une fois que vous aurez rempli et envoy\u00e9 ce formulaire, nous vous enverrons un contrat d\u00e9crivant les services et les instructions pour le paiement. [contact-form-7 id=\u00a0\u00bb2186&Prime; title=\u00a0\u00bbContact form 8 Sign up for HR on Call_copy\u00a0\u00bb]<\/p>\n","protected":false},"author":2,"featured_media":0,"parent":957,"menu_order":0,"comment_status":"closed","ping_status":"open","template":"","meta":{"footnotes":""},"class_list":["post-1312","page","type-page","status-publish","hentry"],"aioseo_notices":[],"_links":{"self":[{"href":"https:\/\/hr-pros.ca\/fr\/wp-json\/wp\/v2\/pages\/1312","targetHints":{"allow":["GET"]}}],"collection":[{"href":"https:\/\/hr-pros.ca\/fr\/wp-json\/wp\/v2\/pages"}],"about":[{"href":"https:\/\/hr-pros.ca\/fr\/wp-json\/wp\/v2\/types\/page"}],"author":[{"embeddable":true,"href":"https:\/\/hr-pros.ca\/fr\/wp-json\/wp\/v2\/users\/2"}],"replies":[{"embeddable":true,"href":"https:\/\/hr-pros.ca\/fr\/wp-json\/wp\/v2\/comments?post=1312"}],"version-history":[{"count":14,"href":"https:\/\/hr-pros.ca\/fr\/wp-json\/wp\/v2\/pages\/1312\/revisions"}],"predecessor-version":[{"id":2380,"href":"https:\/\/hr-pros.ca\/fr\/wp-json\/wp\/v2\/pages\/1312\/revisions\/2380"}],"up":[{"embeddable":true,"href":"https:\/\/hr-pros.ca\/fr\/wp-json\/wp\/v2\/pages\/957"}],"wp:attachment":[{"href":"https:\/\/hr-pros.ca\/fr\/wp-json\/wp\/v2\/media?parent=1312"}],"curies":[{"name":"wp","href":"https:\/\/api.w.org\/{rel}","templated":true}]}}