{"id":1293,"date":"2011-02-18T14:11:10","date_gmt":"2011-02-18T18:11:10","guid":{"rendered":"http:\/\/hr-pros.ca\/"},"modified":"2013-05-02T15:15:31","modified_gmt":"2013-05-02T18:15:31","slug":"questions-for-human-resources-consultant","status":"publish","type":"page","link":"https:\/\/hr-pros.ca\/fr\/home\/questions-for-human-resources-consultant\/","title":{"rendered":"FAQ"},"content":{"rendered":"<p>Dans cette section, nos consultants en ressources humaines r\u00e9pondent aux questions les plus fr\u00e9quemment pos\u00e9es ou les plus insolites. Si vous avez des questions, faites-les-nous parvenir en remplissant le formulaire au bas de la page.<\/p>\n<p><strong>Est-ce qu\u2019il me faut des politiques officielles en gestion des ressources humaines?<\/strong><\/p>\n<p>C\u2019est une question qu\u2019on nous pose tout le temps! Le fait est que\u2026 [<span style=\"color: #0000ff;\"><a title=\"Politiques en gestion des ressouces humaines?\" href=\"http:\/\/hr-pros.ca\/fr\/home\/questions-for-human-resources-consultant\/when-do-i-need-formal-human-resources-management-policies\/\" target=\"_blank\"><span style=\"color: #0000ff;\">lire la suite<\/span><\/a><\/span>]<\/p>\n<p><strong>Est-ce qu\u2019il me faut un programme sur la s\u00e9curit\u00e9?<\/strong><\/p>\n<p>La s\u00e9curit\u00e9 n\u2019est pas qu\u2019une question de respect des r\u00e8glements\u2026\u00a0Elle concerne les gens\u2026 [<span style=\"color: #0000ff;\"><a title=\"Est-ce qu'il me faut un programme de s\u00e9curit\u00e9 et sant\u00e9 au travail?\" href=\"http:\/\/hr-pros.ca\/fr\/home\/questions-for-human-resources-consultant\/when-does-a-company-need-safety-programming\/\" target=\"_blank\"><span style=\"color: #0000ff;\">lire la suite<\/span><\/a><\/span>]<\/p>\n<p><strong>Est-ce qu\u2019il me faut un responsable des questions de s\u00e9curit\u00e9 ou un comit\u00e9 paritaire sur la sant\u00e9 et la s\u00e9curit\u00e9 au travail?<\/strong><\/p>\n<p>Lorsqu\u2019un employeur a cinq employ\u00e9s ou plus\u2026\u00a0[<span style=\"color: #0000ff;\"><a title=\"Comit\u00e9 paritaire s\u00e9curit\u00e9 et sant\u00e9 au travail\" href=\"http:\/\/hr-pros.ca\/fr\/home\/questions-for-human-resources-consultant\/safety-rep-or-a-joint-occupational-health-and-safety-committee\/\" target=\"_blank\"><span style=\"color: #0000ff;\">lire la suite<\/span><\/a><\/span>]<\/p>\n<p><strong>Nous sommes une petite entreprise o\u00f9 tout le monde doit tout savoir. Est-ce qu\u2019il me faut des descriptions des postes?<\/strong><\/p>\n<p>Les descriptions des postes sont un des piliers du\u2026 [<span style=\"color: #0000ff;\"><a title=\"Descriptions des postes\" href=\"http:\/\/hr-pros.ca\/fr\/home\/questions-for-human-resources-consultant\/why-do-i-need-job-descriptions\/\" target=\"_blank\"><span style=\"color: #0000ff;\">lire la suite<\/span><\/a><\/span>]<\/p>\n<p><strong>Des politiques pour les employ\u00e9s? Nous ne voulons pas \u00eatre restreints par des politiques. Il nous faut de la souplesse pour g\u00e9rer les choses. Pourquoi en faut-il?<\/strong><\/p>\n<p>Toutes les entreprises, petites ou grandes, \u2026 [<span style=\"color: #0000ff;\"><a title=\"Politiques pour les employ\u00e9s? Pourquoi?\" href=\"http:\/\/hr-pros.ca\/fr\/home\/questions-for-human-resources-consultant\/why-do-we-need-employee-policies\/\" target=\"_blank\"><span style=\"color: #0000ff;\">lire la suite<\/span><\/a><\/span>]<\/p>\n<p><strong>Quels sont les facteurs qui font augmenter le taux de cotisation \u00e0 la Commission des accidents du travail? Que puis-je faire pour r\u00e9duire ce taux?<\/strong><\/p>\n<p>Il y a de multiples facteurs qui influencent le taux des cotisations \u00e0 la Commission des accidents du travail\u2026\u00a0[<span style=\"color: #0000ff;\"><a title=\"Comment r\u00e9duire le taux de cotisation \u00e0 Commission des accidents du travail?\" href=\"http:\/\/hr-pros.ca\/fr\/home\/questions-for-human-resources-consultant\/how-can-i-reduce-my-wcb-rates\/\" target=\"_blank\"><span style=\"color: #0000ff;\">lire la suite<\/span><\/a><\/span>]<\/p>\n<p><strong>Quand est-ce que je dois offrir des jours f\u00e9ri\u00e9s r\u00e9mun\u00e9r\u00e9s?<\/strong><\/p>\n<p>Selon les normes de travail de la Nouvelle-\u00c9cosse, les employeurs ont l\u2019obligation de\u2026 [<a title=\"Jours F\u00e9ri\u00e9s R\u00e9mun\u00e9r\u00e9s?\" href=\"http:\/\/hr-pros.ca\/fr\/home\/questions-for-human-resources-consultant\/when-do-i-have-to-pay-holiday-pay\/\" target=\"_blank\">l<span style=\"color: #0000ff;\">ire la suite<\/span><\/a>]<\/p>\n<p><strong>Je souhaite devenir un \u00ab\u00a0employeur de choix\u00a0\u00bb. Que faut-il que je fasse pour cela?<\/strong><\/p>\n<p>On ne devient pas employeur de choix par accident. C\u2019est quelque chose\u2026 [<span style=\"color: #0000ff;\"><a title=\"Comment devenir un employeur de choix?\" href=\"http:\/\/hr-pros.ca\/fr\/home\/questions-for-human-resources-consultant\/how-to-become-an-employer-of-choice\/\" target=\"_blank\"><span style=\"color: #0000ff;\">lire la suite<\/span><\/a><\/span>]<\/p>\n<p><strong>J\u2019ai un taux de renouvellement \u00e9lev\u00e9 du personnel. Que puis-je faire pour r\u00e9duire ce taux?<\/strong><\/p>\n<p>Il est fortement recommand\u00e9 de\u2026 [<span style=\"color: #0000ff;\"><a title=\"Comment r\u00e9duire le renouvellement d'employ\u00e9s?\" href=\"http:\/\/hr-pros.ca\/fr\/home\/questions-for-human-resources-consultant\/how-can-i-reduce-employee-turnover\/\" target=\"_blank\"><span style=\"color: #0000ff;\">lire la suite<\/span><\/a><\/span>]<\/p>\n<p><strong>L\u2019un de mes employ\u00e9s ne fait pas un bon travail. Est-ce que je peux le licencier? Comment est-ce que je m\u2019y prends?<\/strong><\/p>\n<p>De nos jours, il n\u2019est pas facile\u2026 [<span style=\"color: #0000ff;\"><a title=\"Comment cong\u00e9dier un employ\u00e9\" href=\"http:\/\/hr-pros.ca\/fr\/home\/questions-for-human-resources-consultant\/how-do-i-fire-an-employee\/\" target=\"_blank\"><span style=\"color: #0000ff;\">lire la suite<\/span><\/a><\/span>]<\/p>\n<h2>Est-ce que vous avez une question pour nous?<\/h2>\n<p>Nous respecterons le caract\u00e8re priv\u00e9 de vos renseignements. Nous ne publierons ni votre nom ni celui de votre entreprise.<\/p>\n<p>[easy_sign_up title=\u00a0\u00bbQuestion\u00a0\u00bb phone=\u00a0\u00bb1&Prime; fnln=\u00a0\u00bb1&Prime; esu_label=\u00a0\u00bbQuestion\u00a0\u00bb esu_class=\u00a0\u00bbyour-class-here\u00a0\u00bb]<\/p>","protected":false},"excerpt":{"rendered":"<p>Dans cette section, nos consultants en ressources humaines r\u00e9pondent aux questions les plus fr\u00e9quemment pos\u00e9es ou les plus insolites. Si vous avez des questions, faites-les-nous parvenir en remplissant le formulaire au bas de la page. Est-ce qu\u2019il me faut des politiques officielles en gestion des ressources humaines? C\u2019est une question qu\u2019on nous pose tout le [&hellip;]<\/p>\n","protected":false},"author":2,"featured_media":0,"parent":18,"menu_order":5,"comment_status":"closed","ping_status":"open","template":"","meta":{"footnotes":""},"class_list":["post-1293","page","type-page","status-publish","hentry"],"aioseo_notices":[],"_links":{"self":[{"href":"https:\/\/hr-pros.ca\/fr\/wp-json\/wp\/v2\/pages\/1293","targetHints":{"allow":["GET"]}}],"collection":[{"href":"https:\/\/hr-pros.ca\/fr\/wp-json\/wp\/v2\/pages"}],"about":[{"href":"https:\/\/hr-pros.ca\/fr\/wp-json\/wp\/v2\/types\/page"}],"author":[{"embeddable":true,"href":"https:\/\/hr-pros.ca\/fr\/wp-json\/wp\/v2\/users\/2"}],"replies":[{"embeddable":true,"href":"https:\/\/hr-pros.ca\/fr\/wp-json\/wp\/v2\/comments?post=1293"}],"version-history":[{"count":75,"href":"https:\/\/hr-pros.ca\/fr\/wp-json\/wp\/v2\/pages\/1293\/revisions"}],"predecessor-version":[{"id":1295,"href":"https:\/\/hr-pros.ca\/fr\/wp-json\/wp\/v2\/pages\/1293\/revisions\/1295"}],"up":[{"embeddable":true,"href":"https:\/\/hr-pros.ca\/fr\/wp-json\/wp\/v2\/pages\/18"}],"wp:attachment":[{"href":"https:\/\/hr-pros.ca\/fr\/wp-json\/wp\/v2\/media?parent=1293"}],"curies":[{"name":"wp","href":"https:\/\/api.w.org\/{rel}","templated":true}]}}